{"id":320,"date":"2017-02-08T09:00:20","date_gmt":"2017-02-08T09:00:20","guid":{"rendered":"http:\/\/genderopen.apps-1and1.net\/?page_id=320"},"modified":"2017-03-08T14:19:20","modified_gmt":"2017-03-08T14:19:20","slug":"2016-2","status":"publish","type":"page","link":"https:\/\/blog-genderopen.de\/en\/logbuch\/2016-2","title":{"rendered":"2016"},"content":{"rendered":"<p><strong> 15. Dezember<br \/>\n<\/strong>Wir beraten uns mit dem Computer- und Medienservice der Humboldt-Universit\u00e4t zu Berlin \u00fcber die n\u00e4chsten Arbeitsschritte zur Konfiguration von DSpace.<\/p>\n<p><strong> 20. Oktober<br \/>\n<\/strong>Nach intensiven Gespr\u00e4chen im Vorfeld des Projektstarts beschlie\u00dft die Projektgruppe, das Repositorium auf Basis der Repository-Software <a href=\"http:\/\/www.dspace.org\/\" target=\"_blank\">DSpace<\/a> aufzubauen. Ausschlaggebend f\u00fcr die Entscheidung ist der Umstand, dass mit der DSpace-Software die M\u00f6glichkeit besteht, zuk\u00fcnftig auch Forschungsdaten in das Repositorium zu integrieren. Mit dem Computer- und Medienservice der Humboldt-Universit\u00e4t zu Berlin wird eine Vereinbarung \u00fcber das DSpace-Hosting getroffen.<\/p>\n<p><strong> 5. Oktober<br \/>\n<\/strong>Der Start des Projekts und seine Ansprechpartner_innen werden auf den homepages der beteiligten Institutionen sowie \u00fcber deren Blogs bekannt gegeben. Eine erste Vorstellung des Projekts erfolgt \u00fcber den <a href=\"http:\/\/www.fu-berlin.de\/sites\/frauenbeauftragte\/media\/WRB_022016_Web.pdf\" target=\"_blank\">Wissenschaftlerinnen-Rundbrief<\/a> der Freien Universit\u00e4t Berlin (S. 15-16). Interessierte werden gleichzeitig zur Mitwirkung eingeladen.<\/p>\n<p><strong> 1. Oktober<br \/>\n<\/strong>Die Projektmitarbeiter_innen an den Geschlechterforschungszentren der Freien Universit\u00e4t, Technischen Universit\u00e4t und Humboldt-Universit\u00e4t zu Berlin nehmen ihre Arbeit auf.<\/p>\n<p>&nbsp;<\/p>\n","protected":false},"excerpt":{"rendered":"<p>15. Dezember Wir beraten uns mit dem Computer- und Medienservice der Humboldt-Universit\u00e4t zu Berlin \u00fcber die n\u00e4chsten Arbeitsschritte zur Konfiguration von DSpace. 20. Oktober Nach intensiven Gespr\u00e4chen im Vorfeld des Projektstarts beschlie\u00dft die Projektgruppe, das Repositorium auf Basis der Repository-Software DSpace aufzubauen. Ausschlaggebend f\u00fcr die Entscheidung ist der Umstand, dass mit der DSpace-Software die M\u00f6glichkeit &hellip; <\/p>\n<p class=\"link-more\"><a href=\"https:\/\/blog-genderopen.de\/en\/logbuch\/2016-2\" class=\"more-link\">Continue reading<span class=\"screen-reader-text\"> &#8220;2016&#8221;<\/span><\/a><\/p>\n","protected":false},"author":1,"featured_media":0,"parent":11,"menu_order":0,"comment_status":"closed","ping_status":"closed","template":"","meta":{"inline_featured_image":false,"footnotes":""},"class_list":["post-320","page","type-page","status-publish","hentry"],"translation":{"provider":"WPGlobus","version":"3.0.2","language":"en","enabled_languages":["de","en"],"languages":{"de":{"title":true,"content":true,"excerpt":false},"en":{"title":false,"content":false,"excerpt":false}}},"yoast_head":"<!-- This site is optimized with the Yoast SEO plugin v27.4 - https:\/\/yoast.com\/product\/yoast-seo-wordpress\/ -->\n<title>2016 - GenderOpen<\/title>\n<meta name=\"robots\" content=\"index, follow, max-snippet:-1, max-image-preview:large, max-video-preview:-1\" \/>\n<link rel=\"canonical\" href=\"https:\/\/blog-genderopen.de\/en\/logbuch\/2016-2\" \/>\n<meta property=\"og:locale\" content=\"en_US\" \/>\n<meta property=\"og:type\" content=\"article\" \/>\n<meta property=\"og:title\" content=\"2016 - GenderOpen\" \/>\n<meta property=\"og:url\" content=\"https:\/\/blog-genderopen.de\/en\/logbuch\/2016-2\" \/>\n<meta property=\"og:site_name\" content=\"GenderOpen\" \/>\n<meta property=\"article:modified_time\" content=\"2017-03-08T14:19:20+00:00\" \/>\n<meta name=\"twitter:card\" content=\"summary_large_image\" \/>\n<meta name=\"twitter:label1\" content=\"Est. reading time\" \/>\n\t<meta name=\"twitter:data1\" content=\"1 minute\" \/>\n<script type=\"application\/ld+json\" class=\"yoast-schema-graph\">{\"@context\":\"https:\\\/\\\/schema.org\",\"@graph\":[{\"@type\":\"WebPage\",\"@id\":\"https:\\\/\\\/blog-genderopen.de\\\/en\\\/logbuch\\\/2016-2\",\"url\":\"https:\\\/\\\/blog-genderopen.de\\\/en\\\/logbuch\\\/2016-2\",\"name\":\"2016 - GenderOpen\",\"isPartOf\":{\"@id\":\"https:\\\/\\\/blog-genderopen.de\\\/#website\"},\"datePublished\":\"2017-02-08T09:00:20+00:00\",\"dateModified\":\"2017-03-08T14:19:20+00:00\",\"breadcrumb\":{\"@id\":\"https:\\\/\\\/blog-genderopen.de\\\/en\\\/logbuch\\\/2016-2#breadcrumb\"},\"inLanguage\":\"en-US\",\"potentialAction\":[{\"@type\":\"ReadAction\",\"target\":[\"https:\\\/\\\/blog-genderopen.de\\\/en\\\/logbuch\\\/2016-2\"]}]},{\"@type\":\"BreadcrumbList\",\"@id\":\"https:\\\/\\\/blog-genderopen.de\\\/en\\\/logbuch\\\/2016-2#breadcrumb\",\"itemListElement\":[{\"@type\":\"ListItem\",\"position\":1,\"name\":\"Startseite\",\"item\":\"https:\\\/\\\/blog-genderopen.de\\\/\"},{\"@type\":\"ListItem\",\"position\":2,\"name\":\"Logbuch\",\"item\":\"https:\\\/\\\/blog-genderopen.de\\\/logbuch\"},{\"@type\":\"ListItem\",\"position\":3,\"name\":\"2016\"}]},{\"@type\":\"WebSite\",\"@id\":\"https:\\\/\\\/blog-genderopen.de\\\/#website\",\"url\":\"https:\\\/\\\/blog-genderopen.de\\\/\",\"name\":\"GenderOpen\",\"description\":\"A Repository for Gender Studies\",\"publisher\":{\"@id\":\"https:\\\/\\\/blog-genderopen.de\\\/#organization\"},\"potentialAction\":[{\"@type\":\"SearchAction\",\"target\":{\"@type\":\"EntryPoint\",\"urlTemplate\":\"https:\\\/\\\/blog-genderopen.de\\\/?s={search_term_string}\"},\"query-input\":{\"@type\":\"PropertyValueSpecification\",\"valueRequired\":true,\"valueName\":\"search_term_string\"}}],\"inLanguage\":\"en-US\"},{\"@type\":\"Organization\",\"@id\":\"https:\\\/\\\/blog-genderopen.de\\\/#organization\",\"name\":\"GenderOpen\",\"url\":\"https:\\\/\\\/blog-genderopen.de\\\/\",\"logo\":{\"@type\":\"ImageObject\",\"inLanguage\":\"en-US\",\"@id\":\"https:\\\/\\\/blog-genderopen.de\\\/#\\\/schema\\\/logo\\\/image\\\/\",\"url\":\"https:\\\/\\\/blog-genderopen.de\\\/wp-content\\\/uploads\\\/2017\\\/02\\\/cropped-cropped-cropped-cropped-cropped-cropped-genderopenrepos-3.png\",\"contentUrl\":\"https:\\\/\\\/blog-genderopen.de\\\/wp-content\\\/uploads\\\/2017\\\/02\\\/cropped-cropped-cropped-cropped-cropped-cropped-genderopenrepos-3.png\",\"width\":987,\"height\":250,\"caption\":\"GenderOpen\"},\"image\":{\"@id\":\"https:\\\/\\\/blog-genderopen.de\\\/#\\\/schema\\\/logo\\\/image\\\/\"}}]}<\/script>\n<!-- \/ Yoast SEO plugin. -->","yoast_head_json":{"title":"2016 - GenderOpen","robots":{"index":"index","follow":"follow","max-snippet":"max-snippet:-1","max-image-preview":"max-image-preview:large","max-video-preview":"max-video-preview:-1"},"canonical":"https:\/\/blog-genderopen.de\/en\/logbuch\/2016-2","og_locale":"en_US","og_type":"article","og_title":"2016 - GenderOpen","og_url":"https:\/\/blog-genderopen.de\/en\/logbuch\/2016-2","og_site_name":"GenderOpen","article_modified_time":"2017-03-08T14:19:20+00:00","twitter_card":"summary_large_image","twitter_misc":{"Est. reading time":"1 minute"},"schema":{"@context":"https:\/\/schema.org","@graph":[{"@type":"WebPage","@id":"https:\/\/blog-genderopen.de\/en\/logbuch\/2016-2","url":"https:\/\/blog-genderopen.de\/en\/logbuch\/2016-2","name":"2016 - GenderOpen","isPartOf":{"@id":"https:\/\/blog-genderopen.de\/#website"},"datePublished":"2017-02-08T09:00:20+00:00","dateModified":"2017-03-08T14:19:20+00:00","breadcrumb":{"@id":"https:\/\/blog-genderopen.de\/en\/logbuch\/2016-2#breadcrumb"},"inLanguage":"en-US","potentialAction":[{"@type":"ReadAction","target":["https:\/\/blog-genderopen.de\/en\/logbuch\/2016-2"]}]},{"@type":"BreadcrumbList","@id":"https:\/\/blog-genderopen.de\/en\/logbuch\/2016-2#breadcrumb","itemListElement":[{"@type":"ListItem","position":1,"name":"Startseite","item":"https:\/\/blog-genderopen.de\/"},{"@type":"ListItem","position":2,"name":"Logbuch","item":"https:\/\/blog-genderopen.de\/logbuch"},{"@type":"ListItem","position":3,"name":"2016"}]},{"@type":"WebSite","@id":"https:\/\/blog-genderopen.de\/#website","url":"https:\/\/blog-genderopen.de\/","name":"GenderOpen","description":"A Repository for Gender Studies","publisher":{"@id":"https:\/\/blog-genderopen.de\/#organization"},"potentialAction":[{"@type":"SearchAction","target":{"@type":"EntryPoint","urlTemplate":"https:\/\/blog-genderopen.de\/?s={search_term_string}"},"query-input":{"@type":"PropertyValueSpecification","valueRequired":true,"valueName":"search_term_string"}}],"inLanguage":"en-US"},{"@type":"Organization","@id":"https:\/\/blog-genderopen.de\/#organization","name":"GenderOpen","url":"https:\/\/blog-genderopen.de\/","logo":{"@type":"ImageObject","inLanguage":"en-US","@id":"https:\/\/blog-genderopen.de\/#\/schema\/logo\/image\/","url":"https:\/\/blog-genderopen.de\/wp-content\/uploads\/2017\/02\/cropped-cropped-cropped-cropped-cropped-cropped-genderopenrepos-3.png","contentUrl":"https:\/\/blog-genderopen.de\/wp-content\/uploads\/2017\/02\/cropped-cropped-cropped-cropped-cropped-cropped-genderopenrepos-3.png","width":987,"height":250,"caption":"GenderOpen"},"image":{"@id":"https:\/\/blog-genderopen.de\/#\/schema\/logo\/image\/"}}]}},"_links":{"self":[{"href":"https:\/\/blog-genderopen.de\/en\/wp-json\/wp\/v2\/pages\/320","targetHints":{"allow":["GET"]}}],"collection":[{"href":"https:\/\/blog-genderopen.de\/en\/wp-json\/wp\/v2\/pages"}],"about":[{"href":"https:\/\/blog-genderopen.de\/en\/wp-json\/wp\/v2\/types\/page"}],"author":[{"embeddable":true,"href":"https:\/\/blog-genderopen.de\/en\/wp-json\/wp\/v2\/users\/1"}],"replies":[{"embeddable":true,"href":"https:\/\/blog-genderopen.de\/en\/wp-json\/wp\/v2\/comments?post=320"}],"version-history":[{"count":9,"href":"https:\/\/blog-genderopen.de\/en\/wp-json\/wp\/v2\/pages\/320\/revisions"}],"predecessor-version":[{"id":330,"href":"https:\/\/blog-genderopen.de\/en\/wp-json\/wp\/v2\/pages\/320\/revisions\/330"}],"up":[{"embeddable":true,"href":"https:\/\/blog-genderopen.de\/en\/wp-json\/wp\/v2\/pages\/11"}],"wp:attachment":[{"href":"https:\/\/blog-genderopen.de\/en\/wp-json\/wp\/v2\/media?parent=320"}],"curies":[{"name":"wp","href":"https:\/\/api.w.org\/{rel}","templated":true}]}}