{"id":257,"date":"2017-02-04T10:24:28","date_gmt":"2017-02-04T10:24:28","guid":{"rendered":"http:\/\/genderopen.apps-1and1.net\/?page_id=257"},"modified":"2023-01-06T19:01:06","modified_gmt":"2023-01-06T18:01:06","slug":"impressum","status":"publish","type":"page","link":"https:\/\/blog-genderopen.de\/en\/impressum","title":{"rendered":"Imprint"},"content":{"rendered":"<p>\u00a0<\/p>\n<p>The information below contains the legally required information on provider identification as well as important legal information on the website of the <em>GenderOpen<\/em> blog and the <em>GenderOpen<\/em> repository (<a href=\"https:\/\/www.genderopen.de\/\" target=\"_blank\" rel=\"noopener\">www.genderopen.de<\/a>).<\/p>\n<h2>Providers<\/h2>\n<p>Institutions involved in the <em>GenderOpen<\/em> project:<\/p>\n<p><a href=\"https:\/\/www.mvbz.fu-berlin.de\" target=\"_blank\" rel=\"noopener\">Margherita von Brentano Center<\/a><br \/>at Freie Universit\u00e4t Berlin<br \/>Habelschwerdter Allee 45, 14195 Berlin, phone 030 838-64894<\/p>\n<p><a href=\"https:\/\/www.gender.hu-berlin.de\/\" target=\"_blank\" rel=\"noopener\">Center for Transdisciplinary Gender Studies<\/a><br \/>at Humboldt Universit\u00e4t zu Berlin<br \/>Georgenstrasse 47, 10117 Berlin, telephone 030 2083-46211<\/p>\n<p><a href=\"https:\/\/www.zifg.tu-berlin.de\" target=\"_blank\" rel=\"noopener\">Zentrum f\u00fcr Interdisziplin\u00e4re Frauen- und Geschlechterforschung<\/a><br \/>at Technische Universit\u00e4t Berlin<br \/>Fraunhoferstrasse 33-36, 10587 Berlin, phone 030 314-26982<\/p>\n<p>Email: <a href=\"mailto:info@genderopen.de\">info@genderopen.de<\/a><\/p>\n<h2>Representatives<\/h2>\n<p>Dr. Anita Runge (Margherita von Brentano Center, Freie Universit\u00e4t Berlin)<\/p>\n<p>Dr. Gabriele J\u00e4hnert (Center for Transdisciplinary Gender Studies, Humboldt Universit\u00e4t zu Berlin)<\/p>\n<p>Prof. Dr. Sabine Hark (Zentrum f\u00fcr Interdisziplin\u00e4re Frauen- und Geschlechterforschung, Technische Universit\u00e4t Berlin)<\/p>\n<h2>Editor<\/h2>\n<p>N.N.<br \/>Margherita von Brentano Center<br \/>at Freie Universit\u00e4t Berlin<br \/>Habelschwerter Allee 45, 14195 Berlin<\/p>\n<h2>VAT identification numbers<\/h2>\n<p>The sales tax identification number of Freie Universit\u00e4t Berlin is: DE 811 304 768.<\/p>\n<p>The sales tax identification number of Humboldt Universit\u00e4t zu Berlin is: DE 137 176 824.<\/p>\n<p>The sales tax identification number of Technische Universit\u00e4t Berlin is: DE 811 231 089.<\/p>\n<h2>Copyright<\/h2>\n<p>Unless otherwise noted, the articles published on the blog are licensed under the <a href=\"https:\/\/creativecommons.org\/licenses\/by\/4.0\/deed.de\" target=\"_blank\" rel=\"noopener\">CC BY 4.0<\/a> license. Images, graphics or other files may be subject to third-party copyrights in whole or in part, this is marked accordingly. All brands and trademarks mentioned on the website which are possibly protected by third parties, without restriction, are subject to the provisions of the applicable trademark law and the property rights of the respective registered owner.<\/p>\n<p>The blog header image shows a section of the image \u201cThree men at dusting books\u201d. Source: The New York Public Library Digital Collections. <a href=\"http:\/\/digitalcollections.nypl.org\/items\/510d47dd-eb79-a3d9-e040-e00a18064a99\" target=\"_blank\" rel=\"noopener\">http:\/\/digitalcollections.nypl.org\/items\/510d47dd-eb79-a3d9-e040-e00a18064a99<\/a><\/p>\n<h2>Disclaimer<\/h2>\n<p>Please note: our service cannot offer binding legal advice, but provides information for initial orientation. All information provided has been compiled and carefully checked to the best of our knowledge and belief. However, no guarantee is given for the topicality, correctness, completeness or quality of the information provided and no liability is assumed for possible errors.<\/p>\n<p>The operators expressly reserve the right to change, supplement or delete individual websites, web services or the entire offer or to temporarily or permanently cease publication without prior notice.<\/p>\n\n\n<p><\/p>\n\n\n<p><\/p>","protected":false},"excerpt":{"rendered":"<p>\u00a0 The information below contains the legally required information on provider identification as well as important legal information on the website of the GenderOpen blog and the GenderOpen repository (www.genderopen.de). Providers Institutions involved in the GenderOpen project: Margherita von Brentano Centerat Freie Universit\u00e4t BerlinHabelschwerdter Allee 45, 14195 Berlin, phone 030 838-64894 Center for Transdisciplinary Gender &hellip; <\/p>\n<p class=\"link-more\"><a href=\"https:\/\/blog-genderopen.de\/en\/impressum\" class=\"more-link\">Continue reading<span class=\"screen-reader-text\"> &#8220;Imprint&#8221;<\/span><\/a><\/p>\n","protected":false},"author":1,"featured_media":0,"parent":0,"menu_order":0,"comment_status":"closed","ping_status":"closed","template":"","meta":{"inline_featured_image":false,"footnotes":""},"class_list":["post-257","page","type-page","status-publish","hentry"],"translation":{"provider":"WPGlobus","version":"3.0.2","language":"en","enabled_languages":["de","en"],"languages":{"de":{"title":true,"content":true,"excerpt":false},"en":{"title":true,"content":true,"excerpt":false}}},"yoast_head":"<!-- This site is optimized with the Yoast SEO plugin v27.3 - https:\/\/yoast.com\/product\/yoast-seo-wordpress\/ -->\n<title>Imprint - GenderOpen<\/title>\n<meta name=\"robots\" content=\"index, follow, max-snippet:-1, max-image-preview:large, max-video-preview:-1\" \/>\n<link rel=\"canonical\" href=\"https:\/\/blog-genderopen.de\/impressum\" \/>\n<meta property=\"og:locale\" content=\"en_US\" \/>\n<meta property=\"og:type\" content=\"article\" \/>\n<meta property=\"og:title\" content=\"Imprint - GenderOpen\" \/>\n<meta property=\"og:url\" content=\"https:\/\/blog-genderopen.de\/impressum\" \/>\n<meta property=\"og:site_name\" content=\"GenderOpen\" \/>\n<meta property=\"article:modified_time\" content=\"2023-01-06T18:01:06+00:00\" \/>\n<meta name=\"twitter:card\" content=\"summary_large_image\" \/>\n<meta name=\"twitter:label1\" content=\"Est. reading time\" \/>\n\t<meta name=\"twitter:data1\" content=\"3 minutes\" \/>\n<script type=\"application\/ld+json\" class=\"yoast-schema-graph\">{\"@context\":\"https:\\\/\\\/schema.org\",\"@graph\":[{\"@type\":\"WebPage\",\"@id\":\"https:\\\/\\\/blog-genderopen.de\\\/impressum\",\"url\":\"https:\\\/\\\/blog-genderopen.de\\\/impressum\",\"name\":\"Imprint - GenderOpen\",\"isPartOf\":{\"@id\":\"https:\\\/\\\/blog-genderopen.de\\\/#website\"},\"datePublished\":\"2017-02-04T10:24:28+00:00\",\"dateModified\":\"2023-01-06T18:01:06+00:00\",\"breadcrumb\":{\"@id\":\"https:\\\/\\\/blog-genderopen.de\\\/impressum#breadcrumb\"},\"inLanguage\":\"en-US\",\"potentialAction\":[{\"@type\":\"ReadAction\",\"target\":[\"https:\\\/\\\/blog-genderopen.de\\\/impressum\"]}]},{\"@type\":\"BreadcrumbList\",\"@id\":\"https:\\\/\\\/blog-genderopen.de\\\/impressum#breadcrumb\",\"itemListElement\":[{\"@type\":\"ListItem\",\"position\":1,\"name\":\"Startseite\",\"item\":\"https:\\\/\\\/blog-genderopen.de\\\/\"},{\"@type\":\"ListItem\",\"position\":2,\"name\":\"Impressum\"}]},{\"@type\":\"WebSite\",\"@id\":\"https:\\\/\\\/blog-genderopen.de\\\/#website\",\"url\":\"https:\\\/\\\/blog-genderopen.de\\\/\",\"name\":\"GenderOpen\",\"description\":\"A Repository for Gender Studies\",\"publisher\":{\"@id\":\"https:\\\/\\\/blog-genderopen.de\\\/#organization\"},\"potentialAction\":[{\"@type\":\"SearchAction\",\"target\":{\"@type\":\"EntryPoint\",\"urlTemplate\":\"https:\\\/\\\/blog-genderopen.de\\\/?s={search_term_string}\"},\"query-input\":{\"@type\":\"PropertyValueSpecification\",\"valueRequired\":true,\"valueName\":\"search_term_string\"}}],\"inLanguage\":\"en-US\"},{\"@type\":\"Organization\",\"@id\":\"https:\\\/\\\/blog-genderopen.de\\\/#organization\",\"name\":\"GenderOpen\",\"url\":\"https:\\\/\\\/blog-genderopen.de\\\/\",\"logo\":{\"@type\":\"ImageObject\",\"inLanguage\":\"en-US\",\"@id\":\"https:\\\/\\\/blog-genderopen.de\\\/#\\\/schema\\\/logo\\\/image\\\/\",\"url\":\"https:\\\/\\\/blog-genderopen.de\\\/wp-content\\\/uploads\\\/2017\\\/02\\\/cropped-cropped-cropped-cropped-cropped-cropped-genderopenrepos-3.png\",\"contentUrl\":\"https:\\\/\\\/blog-genderopen.de\\\/wp-content\\\/uploads\\\/2017\\\/02\\\/cropped-cropped-cropped-cropped-cropped-cropped-genderopenrepos-3.png\",\"width\":987,\"height\":250,\"caption\":\"GenderOpen\"},\"image\":{\"@id\":\"https:\\\/\\\/blog-genderopen.de\\\/#\\\/schema\\\/logo\\\/image\\\/\"}}]}<\/script>\n<!-- \/ Yoast SEO plugin. -->","yoast_head_json":{"title":"Imprint - GenderOpen","robots":{"index":"index","follow":"follow","max-snippet":"max-snippet:-1","max-image-preview":"max-image-preview:large","max-video-preview":"max-video-preview:-1"},"canonical":"https:\/\/blog-genderopen.de\/impressum","og_locale":"en_US","og_type":"article","og_title":"Imprint - GenderOpen","og_url":"https:\/\/blog-genderopen.de\/impressum","og_site_name":"GenderOpen","article_modified_time":"2023-01-06T18:01:06+00:00","twitter_card":"summary_large_image","twitter_misc":{"Est. reading time":"3 minutes"},"schema":{"@context":"https:\/\/schema.org","@graph":[{"@type":"WebPage","@id":"https:\/\/blog-genderopen.de\/impressum","url":"https:\/\/blog-genderopen.de\/impressum","name":"Imprint - GenderOpen","isPartOf":{"@id":"https:\/\/blog-genderopen.de\/#website"},"datePublished":"2017-02-04T10:24:28+00:00","dateModified":"2023-01-06T18:01:06+00:00","breadcrumb":{"@id":"https:\/\/blog-genderopen.de\/impressum#breadcrumb"},"inLanguage":"en-US","potentialAction":[{"@type":"ReadAction","target":["https:\/\/blog-genderopen.de\/impressum"]}]},{"@type":"BreadcrumbList","@id":"https:\/\/blog-genderopen.de\/impressum#breadcrumb","itemListElement":[{"@type":"ListItem","position":1,"name":"Startseite","item":"https:\/\/blog-genderopen.de\/"},{"@type":"ListItem","position":2,"name":"Impressum"}]},{"@type":"WebSite","@id":"https:\/\/blog-genderopen.de\/#website","url":"https:\/\/blog-genderopen.de\/","name":"GenderOpen","description":"A Repository for Gender Studies","publisher":{"@id":"https:\/\/blog-genderopen.de\/#organization"},"potentialAction":[{"@type":"SearchAction","target":{"@type":"EntryPoint","urlTemplate":"https:\/\/blog-genderopen.de\/?s={search_term_string}"},"query-input":{"@type":"PropertyValueSpecification","valueRequired":true,"valueName":"search_term_string"}}],"inLanguage":"en-US"},{"@type":"Organization","@id":"https:\/\/blog-genderopen.de\/#organization","name":"GenderOpen","url":"https:\/\/blog-genderopen.de\/","logo":{"@type":"ImageObject","inLanguage":"en-US","@id":"https:\/\/blog-genderopen.de\/#\/schema\/logo\/image\/","url":"https:\/\/blog-genderopen.de\/wp-content\/uploads\/2017\/02\/cropped-cropped-cropped-cropped-cropped-cropped-genderopenrepos-3.png","contentUrl":"https:\/\/blog-genderopen.de\/wp-content\/uploads\/2017\/02\/cropped-cropped-cropped-cropped-cropped-cropped-genderopenrepos-3.png","width":987,"height":250,"caption":"GenderOpen"},"image":{"@id":"https:\/\/blog-genderopen.de\/#\/schema\/logo\/image\/"}}]}},"_links":{"self":[{"href":"https:\/\/blog-genderopen.de\/en\/wp-json\/wp\/v2\/pages\/257","targetHints":{"allow":["GET"]}}],"collection":[{"href":"https:\/\/blog-genderopen.de\/en\/wp-json\/wp\/v2\/pages"}],"about":[{"href":"https:\/\/blog-genderopen.de\/en\/wp-json\/wp\/v2\/types\/page"}],"author":[{"embeddable":true,"href":"https:\/\/blog-genderopen.de\/en\/wp-json\/wp\/v2\/users\/1"}],"replies":[{"embeddable":true,"href":"https:\/\/blog-genderopen.de\/en\/wp-json\/wp\/v2\/comments?post=257"}],"version-history":[{"count":47,"href":"https:\/\/blog-genderopen.de\/en\/wp-json\/wp\/v2\/pages\/257\/revisions"}],"predecessor-version":[{"id":1847,"href":"https:\/\/blog-genderopen.de\/en\/wp-json\/wp\/v2\/pages\/257\/revisions\/1847"}],"wp:attachment":[{"href":"https:\/\/blog-genderopen.de\/en\/wp-json\/wp\/v2\/media?parent=257"}],"curies":[{"name":"wp","href":"https:\/\/api.w.org\/{rel}","templated":true}]}}