{"id":1918,"date":"2025-02-06T16:52:05","date_gmt":"2025-02-06T15:52:05","guid":{"rendered":"https:\/\/blog-genderopen.de\/?page_id=1918"},"modified":"2025-02-06T16:52:06","modified_gmt":"2025-02-06T15:52:06","slug":"2025-2","status":"publish","type":"page","link":"https:\/\/blog-genderopen.de\/en\/logbuch\/2025-2","title":{"rendered":"2025"},"content":{"rendered":"\n<p><strong>Februar 2025<\/strong><\/p>\n\n\n\n<p>GenderOpen hat die Marke von 2500 Beitr\u00e4gen erreicht. Beitr\u00e4ge k\u00f6nnen jetzt mittels eines teilautomatisierten Verfahrens hochgeladen werden, so dass wir in den kommenden Wochen gr\u00f6\u00dfere Best\u00e4nde der Zeitschriften GENDER und femina politica zur Verf\u00fcgung stellen k\u00f6nnen. F\u00fcr 2025 planen wir au\u00dferdem ein Upgrade der Repositoriensoftware. <\/p>\n","protected":false},"excerpt":{"rendered":"<p>Februar 2025 GenderOpen hat die Marke von 2500 Beitr\u00e4gen erreicht. Beitr\u00e4ge k\u00f6nnen jetzt mittels eines teilautomatisierten Verfahrens hochgeladen werden, so dass wir in den kommenden Wochen gr\u00f6\u00dfere Best\u00e4nde der Zeitschriften GENDER und femina politica zur Verf\u00fcgung stellen k\u00f6nnen. F\u00fcr 2025 planen wir au\u00dferdem ein Upgrade der Repositoriensoftware.<\/p>\n","protected":false},"author":7,"featured_media":0,"parent":11,"menu_order":0,"comment_status":"closed","ping_status":"closed","template":"","meta":{"inline_featured_image":false,"footnotes":""},"class_list":["post-1918","page","type-page","status-publish","hentry"],"translation":{"provider":"WPGlobus","version":"3.0.2","language":"en","enabled_languages":["de","en"],"languages":{"de":{"title":true,"content":true,"excerpt":false},"en":{"title":false,"content":false,"excerpt":false}}},"yoast_head":"<!-- This site is optimized with the Yoast SEO plugin v27.4 - https:\/\/yoast.com\/product\/yoast-seo-wordpress\/ -->\n<title>2025 - GenderOpen<\/title>\n<meta name=\"robots\" content=\"index, follow, max-snippet:-1, max-image-preview:large, max-video-preview:-1\" \/>\n<link rel=\"canonical\" href=\"https:\/\/blog-genderopen.de\/logbuch\/2025-2\" \/>\n<meta property=\"og:locale\" content=\"en_US\" \/>\n<meta property=\"og:type\" content=\"article\" \/>\n<meta property=\"og:title\" content=\"2025 - GenderOpen\" \/>\n<meta property=\"og:url\" content=\"https:\/\/blog-genderopen.de\/logbuch\/2025-2\" \/>\n<meta property=\"og:site_name\" content=\"GenderOpen\" \/>\n<meta property=\"article:modified_time\" content=\"2025-02-06T15:52:06+00:00\" \/>\n<meta name=\"twitter:card\" content=\"summary_large_image\" \/>\n<script type=\"application\/ld+json\" class=\"yoast-schema-graph\">{\"@context\":\"https:\\\/\\\/schema.org\",\"@graph\":[{\"@type\":\"WebPage\",\"@id\":\"https:\\\/\\\/blog-genderopen.de\\\/logbuch\\\/2025-2\",\"url\":\"https:\\\/\\\/blog-genderopen.de\\\/logbuch\\\/2025-2\",\"name\":\"2025 - GenderOpen\",\"isPartOf\":{\"@id\":\"https:\\\/\\\/blog-genderopen.de\\\/#website\"},\"datePublished\":\"2025-02-06T15:52:05+00:00\",\"dateModified\":\"2025-02-06T15:52:06+00:00\",\"breadcrumb\":{\"@id\":\"https:\\\/\\\/blog-genderopen.de\\\/logbuch\\\/2025-2#breadcrumb\"},\"inLanguage\":\"en-US\",\"potentialAction\":[{\"@type\":\"ReadAction\",\"target\":[\"https:\\\/\\\/blog-genderopen.de\\\/logbuch\\\/2025-2\"]}]},{\"@type\":\"BreadcrumbList\",\"@id\":\"https:\\\/\\\/blog-genderopen.de\\\/logbuch\\\/2025-2#breadcrumb\",\"itemListElement\":[{\"@type\":\"ListItem\",\"position\":1,\"name\":\"Startseite\",\"item\":\"https:\\\/\\\/blog-genderopen.de\\\/\"},{\"@type\":\"ListItem\",\"position\":2,\"name\":\"Logbuch\",\"item\":\"https:\\\/\\\/blog-genderopen.de\\\/logbuch\"},{\"@type\":\"ListItem\",\"position\":3,\"name\":\"2025\"}]},{\"@type\":\"WebSite\",\"@id\":\"https:\\\/\\\/blog-genderopen.de\\\/#website\",\"url\":\"https:\\\/\\\/blog-genderopen.de\\\/\",\"name\":\"GenderOpen\",\"description\":\"A Repository for Gender Studies\",\"publisher\":{\"@id\":\"https:\\\/\\\/blog-genderopen.de\\\/#organization\"},\"potentialAction\":[{\"@type\":\"SearchAction\",\"target\":{\"@type\":\"EntryPoint\",\"urlTemplate\":\"https:\\\/\\\/blog-genderopen.de\\\/?s={search_term_string}\"},\"query-input\":{\"@type\":\"PropertyValueSpecification\",\"valueRequired\":true,\"valueName\":\"search_term_string\"}}],\"inLanguage\":\"en-US\"},{\"@type\":\"Organization\",\"@id\":\"https:\\\/\\\/blog-genderopen.de\\\/#organization\",\"name\":\"GenderOpen\",\"url\":\"https:\\\/\\\/blog-genderopen.de\\\/\",\"logo\":{\"@type\":\"ImageObject\",\"inLanguage\":\"en-US\",\"@id\":\"https:\\\/\\\/blog-genderopen.de\\\/#\\\/schema\\\/logo\\\/image\\\/\",\"url\":\"https:\\\/\\\/blog-genderopen.de\\\/wp-content\\\/uploads\\\/2017\\\/02\\\/cropped-cropped-cropped-cropped-cropped-cropped-genderopenrepos-3.png\",\"contentUrl\":\"https:\\\/\\\/blog-genderopen.de\\\/wp-content\\\/uploads\\\/2017\\\/02\\\/cropped-cropped-cropped-cropped-cropped-cropped-genderopenrepos-3.png\",\"width\":987,\"height\":250,\"caption\":\"GenderOpen\"},\"image\":{\"@id\":\"https:\\\/\\\/blog-genderopen.de\\\/#\\\/schema\\\/logo\\\/image\\\/\"}}]}<\/script>\n<!-- \/ Yoast SEO plugin. -->","yoast_head_json":{"title":"2025 - GenderOpen","robots":{"index":"index","follow":"follow","max-snippet":"max-snippet:-1","max-image-preview":"max-image-preview:large","max-video-preview":"max-video-preview:-1"},"canonical":"https:\/\/blog-genderopen.de\/logbuch\/2025-2","og_locale":"en_US","og_type":"article","og_title":"2025 - GenderOpen","og_url":"https:\/\/blog-genderopen.de\/logbuch\/2025-2","og_site_name":"GenderOpen","article_modified_time":"2025-02-06T15:52:06+00:00","twitter_card":"summary_large_image","schema":{"@context":"https:\/\/schema.org","@graph":[{"@type":"WebPage","@id":"https:\/\/blog-genderopen.de\/logbuch\/2025-2","url":"https:\/\/blog-genderopen.de\/logbuch\/2025-2","name":"2025 - GenderOpen","isPartOf":{"@id":"https:\/\/blog-genderopen.de\/#website"},"datePublished":"2025-02-06T15:52:05+00:00","dateModified":"2025-02-06T15:52:06+00:00","breadcrumb":{"@id":"https:\/\/blog-genderopen.de\/logbuch\/2025-2#breadcrumb"},"inLanguage":"en-US","potentialAction":[{"@type":"ReadAction","target":["https:\/\/blog-genderopen.de\/logbuch\/2025-2"]}]},{"@type":"BreadcrumbList","@id":"https:\/\/blog-genderopen.de\/logbuch\/2025-2#breadcrumb","itemListElement":[{"@type":"ListItem","position":1,"name":"Startseite","item":"https:\/\/blog-genderopen.de\/"},{"@type":"ListItem","position":2,"name":"Logbuch","item":"https:\/\/blog-genderopen.de\/logbuch"},{"@type":"ListItem","position":3,"name":"2025"}]},{"@type":"WebSite","@id":"https:\/\/blog-genderopen.de\/#website","url":"https:\/\/blog-genderopen.de\/","name":"GenderOpen","description":"A Repository for Gender Studies","publisher":{"@id":"https:\/\/blog-genderopen.de\/#organization"},"potentialAction":[{"@type":"SearchAction","target":{"@type":"EntryPoint","urlTemplate":"https:\/\/blog-genderopen.de\/?s={search_term_string}"},"query-input":{"@type":"PropertyValueSpecification","valueRequired":true,"valueName":"search_term_string"}}],"inLanguage":"en-US"},{"@type":"Organization","@id":"https:\/\/blog-genderopen.de\/#organization","name":"GenderOpen","url":"https:\/\/blog-genderopen.de\/","logo":{"@type":"ImageObject","inLanguage":"en-US","@id":"https:\/\/blog-genderopen.de\/#\/schema\/logo\/image\/","url":"https:\/\/blog-genderopen.de\/wp-content\/uploads\/2017\/02\/cropped-cropped-cropped-cropped-cropped-cropped-genderopenrepos-3.png","contentUrl":"https:\/\/blog-genderopen.de\/wp-content\/uploads\/2017\/02\/cropped-cropped-cropped-cropped-cropped-cropped-genderopenrepos-3.png","width":987,"height":250,"caption":"GenderOpen"},"image":{"@id":"https:\/\/blog-genderopen.de\/#\/schema\/logo\/image\/"}}]}},"_links":{"self":[{"href":"https:\/\/blog-genderopen.de\/en\/wp-json\/wp\/v2\/pages\/1918","targetHints":{"allow":["GET"]}}],"collection":[{"href":"https:\/\/blog-genderopen.de\/en\/wp-json\/wp\/v2\/pages"}],"about":[{"href":"https:\/\/blog-genderopen.de\/en\/wp-json\/wp\/v2\/types\/page"}],"author":[{"embeddable":true,"href":"https:\/\/blog-genderopen.de\/en\/wp-json\/wp\/v2\/users\/7"}],"replies":[{"embeddable":true,"href":"https:\/\/blog-genderopen.de\/en\/wp-json\/wp\/v2\/comments?post=1918"}],"version-history":[{"count":1,"href":"https:\/\/blog-genderopen.de\/en\/wp-json\/wp\/v2\/pages\/1918\/revisions"}],"predecessor-version":[{"id":1919,"href":"https:\/\/blog-genderopen.de\/en\/wp-json\/wp\/v2\/pages\/1918\/revisions\/1919"}],"up":[{"embeddable":true,"href":"https:\/\/blog-genderopen.de\/en\/wp-json\/wp\/v2\/pages\/11"}],"wp:attachment":[{"href":"https:\/\/blog-genderopen.de\/en\/wp-json\/wp\/v2\/media?parent=1918"}],"curies":[{"name":"wp","href":"https:\/\/api.w.org\/{rel}","templated":true}]}}